{"id":9,"date":"2014-07-11T08:36:09","date_gmt":"2014-07-11T08:36:09","guid":{"rendered":"http:\/\/adouti.com\/wordpress\/?page_id=9"},"modified":"2017-12-13T08:55:43","modified_gmt":"2017-12-13T08:55:43","slug":"conditions-a-remplir-stage-usa","status":"publish","type":"page","link":"https:\/\/adouti.com\/wordpress\/conditions-a-remplir-stage-usa\/","title":{"rendered":"CONDITIONS A REMPLIR"},"content":{"rendered":"<p style=\"text-align: justify;\"><div class=\"su-row\">\n<div class=\"su-column su-column-size-3-4\"><div class=\"su-column-inner su-u-clearfix su-u-trim\">\n<p style=\"text-align: justify;\"><span style=\"color: #dd3333;\"><strong>Pour effectuer un stage aux USA<\/strong><\/span>, qu\u2019il soit r\u00e9mun\u00e9r\u00e9 ou non, qu\u2019elle que soit la dur\u00e9e, les autorit\u00e9s am\u00e9ricaines exigent que les \u00e9tudiants et professionnels \u00e9trangers soient en possession d\u2019un <span style=\"color: #dd3333;\"><strong>visa J-1<\/strong>.<\/span><\/p>\n<p style=\"text-align: justify;\">Pour l\u2019obtention de ce visa, vous devez obtenir une DS-2019 par un organisme sponsor.<span style=\"color: #dd3333;\"><strong> ADOUT INTERNATIONAL<\/strong><\/span>\u00a0a choisi Parenthese.<\/p>\n<p style=\"text-align: justify;\">Pourquoi\u00a0 choisir Parenthese\u00a0? Organisme fiable qui a su au fil des ann\u00e9es acqu\u00e9rir une solide r\u00e9putation aupr\u00e8s des employeurs am\u00e9ricains. Service rapide, efficace \u00e0 taille humaine vous permettant de b\u00e9n\u00e9ficier d\u2019un service personnalis\u00e9 pour vous offrir un programme adapt\u00e9 \u00e0 vos attentes. Cet organisme a \u00e9t\u00e9 d\u00e9sign\u00e9 comme sponsor officiel des stagiaires par le gouvernement am\u00e9ricain.<\/p>\n<p style=\"text-align: justify;\">Selon la formule choisie, nous vous d\u00e9livrerons le HOST COMPANY TRAINING PROPOSAL ( DS 7002) de votre employeur am\u00e9ricain n\u00e9cessaire pour la demande de DS-2019 et visa J1.<\/p>\n<h2 style=\"text-align: justify;\"><span style=\"color: #dd3333;\">Conditions d\u2019admissions \u00e9tudiants \/ jeunes dipl\u00f4m\u00e9s :<\/span><\/h2>\n<p style=\"text-align: justify;\"><div class=\"su-list\" style=\"margin-left:0px\">\n<ul style=\"text-align: justify;\">\n<li style=\"text-align: justify;\"><strong>Trouver un stage qui ait un rapport direct avec votre domaine et votre niveau d&rsquo;\u00e9tudes : le poste que vous allez occuper doit mettre en application les connaissances acquises lors de votre cursus universitaire<\/strong><\/li>\n<li style=\"text-align: justify;\">Etre \u00e9tudiant dans l&rsquo;enseignement sup\u00e9rieur en France, en Belgique, en Suisse, au Royaume-Uni ou au Luxembourg ou \u00eatre dipl\u00f4m\u00e9 de moins de 12 mois (si vous \u00eates jeune dipl\u00f4m\u00e9 avec au moins 12 mois d\u2019exp\u00e9rience professionnelle en dehors des Etats-Unis (stages compris), vous pouvez qualifier pour au programme PCT de 18 mois : <a href=\"http:\/\/www.parenthese-paris.com\/professionnel\/trainee-criteres-eligibilite\">PCT<\/a> )<\/li>\n<li style=\"text-align: justify;\">Avoir la nationalit\u00e9 ou un titre de s\u00e9jour d&rsquo;un de ces pays<\/li>\n<li style=\"text-align: justify;\">Avoir 18 ans r\u00e9volus<\/li>\n<li style=\"text-align: justify;\">Avoir un niveau d&rsquo;anglais suffisant<\/li>\n<li style=\"text-align: justify;\">Etre capable d&rsquo;assumer financi\u00e8rement votre s\u00e9jour (avoir une r\u00e9mun\u00e9ration minimum de 1000 USD\/mois ou disposer de garanties financi\u00e8res (bancaires ou familiales) \u00e9quivalentes<\/li>\n<\/ul>\n<p style=\"text-align: justify;\"><\/div>\n<p style=\"text-align: justify;\"><em>Si vous n&rsquo;\u00eates plus \u00e9tudiant ou jeune dipl\u00f4m\u00e9, vous pouvez participer au programme de mission en entreprise pour professionnels, Professional Career Training (PCT USA).<\/em><\/p>\n<p style=\"text-align: justify;\">Vous pouvez commencer votre stage \u00e0 tout moment de l&rsquo;ann\u00e9e, pour une dur\u00e9e de 1 \u00e0 12 mois.<\/p>\n<p style=\"text-align: justify;\">Vous avez la possibilit\u00e9 de vous rendre aux \u00c9tats-Unis jusqu&rsquo;\u00e0 30 jours avant le d\u00e9but de votre stage. Vous avez \u00e9galement droit \u00e0 30 jours suppl\u00e9mentaires sur le territoire am\u00e9ricain en tant que touriste (sans aucune activit\u00e9 professionnelle).<\/p>\n<p style=\"text-align: justify;\">Le stage doit imp\u00e9rativement repr\u00e9senter une mise en application des connaissances acquises lors de votre cursus et correspondre au niveau d&rsquo;\u00e9tudes que vous aurez atteint lors de votre inscription.<\/p>\n<p style=\"text-align: justify;\">Les stagiaires n\u2019ont le droit d\u2019effectuer leur stage que dans l\u2019entreprise d\u2019accueil qui apparait sur le DS-2019. Si pour quelque raison que ce soit, un changement d\u2019entreprise d\u2019accueil devait \u00eatre effectu\u00e9, le stagiaire doit contacter le sponsor, et obtenir l\u2019autorisation avant de commencer un nouveau stage.<\/p>\n<p style=\"text-align: justify;\">Vous pouvez participer autant de fois que vous le souhaitez au programme \u00ab\u00a0Internship USA\u00a0\u00bb tant que vous maintenez votre statut d&rsquo;\u00e9tudiant ou de jeune dipl\u00f4m\u00e9 de moins de 12 mois. Cependant, la dur\u00e9e de chaque stage ne peut d\u00e9passer 12 mois cons\u00e9cutifs et un d\u00e9lai de carence de 90 jours dans votre pays de r\u00e9sidence est obligatoire si vous souhaitez faire deux stages cons\u00e9cutifs chez le m\u00eame employeur. Dans tous les cas, votre demande de visa doit \u00eatre faite dans votre pays de r\u00e9sidence.<\/p>\n<p style=\"text-align: justify;\">Le d\u00e9lai de carence entre un programme \u00ab Internship \u00bb et \u00ab PCT \u00bb est de deux ans.<\/p>\n<h2 style=\"text-align: justify;\"><span style=\"color: #dd3333;\">Conditions d\u2019admissions jeunes professionnels :<\/span><\/h2>\n<p style=\"text-align: justify;\"><div class=\"su-list\" style=\"margin-left:0px\">\n<ul style=\"text-align: justify;\">\n<li><i class=\"sui sui-share\" style=\"color:#dd3333\"><\/i> <strong>Trouver un stage en entreprise qui ait un rapport direct avec votre domaine d&rsquo;activit\u00e9. Le stage doit mettre en application vos connaissances et vous permettre de d\u00e9velopper ou perfectionner vos comp\u00e9tences professionnelles<\/strong>.<\/li>\n<li><i class=\"sui sui-share\" style=\"color:#dd3333\"><\/i> Etre titulaire du baccalaur\u00e9at et remplir au moins l&rsquo;une des deux conditions suivantes : \u00eatre dipl\u00f4m\u00e9 d&rsquo;un \u00e9tablissement d&rsquo;enseignement sup\u00e9rieur en France, en Belgique, en Suisse, au Luxembourg ou au Royaume Uni et avoir au minimum 1 an d\u2019exp\u00e9rience professionnelle en dehors des Etats-Unis (stages compris) OU avoir 5 ann\u00e9es d&rsquo;exp\u00e9rience professionnelle apr\u00e8s vos 18 ans<\/li>\n<li><i class=\"sui sui-share\" style=\"color:#dd3333\"><\/i> Avoir la nationalit\u00e9 ou un titre de s\u00e9jour d&rsquo;un de ces pays<\/li>\n<li><i class=\"sui sui-share\" style=\"color:#dd3333\"><\/i> Avoir 20 ans r\u00e9volus<\/li>\n<li><i class=\"sui sui-share\" style=\"color:#dd3333\"><\/i> Avoir un niveau d&rsquo;anglais suffisant<\/li>\n<li><i class=\"sui sui-share\" style=\"color:#dd3333\"><\/i> Etre capable d&rsquo;assumer financi\u00e8rement votre s\u00e9jour (avoir une r\u00e9mun\u00e9ration minimum de 1000 USD\/mois ou disposer de garanties financi\u00e8res (bancaires ou familiales) \u00e9quivalentes<\/li>\n<\/ul>\n<p style=\"text-align: justify;\"><\/div>\n<p style=\"text-align: justify;\"><em>*Si vous avez encore le statut d&rsquo;\u00e9tudiant ou si vous \u00eates dipl\u00f4m\u00e9 de moins d\u2019un an, vous pouvez vous inscrire au programme de stages en entreprise pour \u00e9tudiants (INTERNSHIP USA).<\/em><\/p>\n<p style=\"text-align: justify;\"><em>La limite d&rsquo;\u00e2ge se situe aux alentours de 40 ans. Mais le programme PCT USA s&rsquo;adressant aux dipl\u00f4m\u00e9s et professionnels, le risque de refus de visa aupr\u00e8s du consulat am\u00e9ricain est plus \u00e9lev\u00e9 pour les plus de 35 ans.<\/em><\/p>\n<p style=\"text-align: justify;\">Vous pouvez commencer votre stage \u00e0 tout moment de l&rsquo;ann\u00e9e, pour une dur\u00e9e de 1 \u00e0 18 mois.<br \/>\nVous avez la possibilit\u00e9 de vous rendre aux \u00c9tats-Unis jusqu&rsquo;\u00e0 30 jours avant le d\u00e9but de votre formation. Vous avez \u00e9galement droit \u00e0 30 jours suppl\u00e9mentaires sur le territoire am\u00e9ricain en tant que touriste (sans aucune activit\u00e9 professionnelle).<\/p>\n<p style=\"text-align: justify;\"><\/div><\/div>\n<div class=\"su-column su-column-size-1-4\"><div class=\"su-column-inner su-u-clearfix su-u-trim\">\n<p style=\"text-align: justify;\"><a href=\"http:\/\/adouti.com\/wordpress\/wp-content\/uploads\/2014\/07\/4.png\"><img decoding=\"async\" loading=\"lazy\" class=\"alignright wp-image-142 size-full\" style=\"border: none;\" src=\"http:\/\/adouti.com\/wordpress\/wp-content\/uploads\/2014\/07\/4.png\" alt=\"Stage aux USA\" width=\"378\" height=\"581\" srcset=\"https:\/\/adouti.com\/wordpress\/wp-content\/uploads\/2014\/07\/4.png 378w, https:\/\/adouti.com\/wordpress\/wp-content\/uploads\/2014\/07\/4-195x300.png 195w, https:\/\/adouti.com\/wordpress\/wp-content\/uploads\/2014\/07\/4-50x76.png 50w\" sizes=\"(max-width: 378px) 100vw, 378px\" \/><\/a><\/p>\n<p style=\"text-align: justify;\"><\/div><\/div>\n<\/div>\n","protected":false},"excerpt":{"rendered":"","protected":false},"author":3,"featured_media":0,"parent":0,"menu_order":0,"comment_status":"open","ping_status":"closed","template":"","meta":[],"_links":{"self":[{"href":"https:\/\/adouti.com\/wordpress\/wp-json\/wp\/v2\/pages\/9"}],"collection":[{"href":"https:\/\/adouti.com\/wordpress\/wp-json\/wp\/v2\/pages"}],"about":[{"href":"https:\/\/adouti.com\/wordpress\/wp-json\/wp\/v2\/types\/page"}],"author":[{"embeddable":true,"href":"https:\/\/adouti.com\/wordpress\/wp-json\/wp\/v2\/users\/3"}],"replies":[{"embeddable":true,"href":"https:\/\/adouti.com\/wordpress\/wp-json\/wp\/v2\/comments?post=9"}],"version-history":[{"count":29,"href":"https:\/\/adouti.com\/wordpress\/wp-json\/wp\/v2\/pages\/9\/revisions"}],"predecessor-version":[{"id":1447,"href":"https:\/\/adouti.com\/wordpress\/wp-json\/wp\/v2\/pages\/9\/revisions\/1447"}],"wp:attachment":[{"href":"https:\/\/adouti.com\/wordpress\/wp-json\/wp\/v2\/media?parent=9"}],"curies":[{"name":"wp","href":"https:\/\/api.w.org\/{rel}","templated":true}]}}