{"id":8,"date":"2014-07-11T08:35:54","date_gmt":"2014-07-11T08:35:54","guid":{"rendered":"http:\/\/adouti.com\/wordpress\/?page_id=8"},"modified":"2017-12-12T11:45:59","modified_gmt":"2017-12-12T11:45:59","slug":"nos-formules-pour-partir","status":"publish","type":"page","link":"https:\/\/adouti.com\/wordpress\/nos-formules-pour-partir\/","title":{"rendered":"NOS FORMULES POUR PARTIR"},"content":{"rendered":"<div class=\"su-row\">\n<div class=\"su-column su-column-size-2-3\"><div class=\"su-column-inner su-u-clearfix su-u-trim\">\n<h1 style=\"text-align: justify;\">Adout International propose 4\u00a0Formules :<\/h1>\n<h1><span style=\"color: #ff0000;\">1 &#8211;\u00a0Formule stage Simple r\u00e9mun\u00e9r\u00e9\u00a0<\/span><\/h1>\n<h3 style=\"padding-left: 30px;\"><em>5\u00a0\u00e0 12 mois : 1500\u20ac\u00a0<\/em><\/h3>\n<div class=\"su-list\" style=\"margin-left:0px\">\n<ul>\n<li><i class=\"sui sui-share\" style=\"color:#dd3333\"><\/i> Traitement de votre inscription dans les 24 heures<\/li>\n<li><i class=\"sui sui-share\" style=\"color:#dd3333\"><\/i> Recherche du stage avec une r\u00e9mun\u00e9ration minimale selon le profil du candidat<\/li>\n<li><i class=\"sui sui-share\" style=\"color:#dd3333\"><\/i> Organisation des entretiens skype avec les entreprises<\/li>\n<li><i class=\"sui sui-share\" style=\"color:#dd3333\"><\/i> N\u00e9gociation de la r\u00e9mun\u00e9ration avec l&#8217;employeur<\/li>\n<li><i class=\"sui sui-share\" style=\"color:#dd3333\"><\/i> Interm\u00e9diaire entre l\u2019\u00e9cole et l\u2019employeur pour les stages conventionn\u00e9s<\/li>\n<li><i class=\"sui sui-share\" style=\"color:#dd3333\"><\/i> D\u00e9livrance du Training Proposal de l\u2019employeur am\u00e9ricain<\/li>\n<li><i class=\"sui sui-share\" style=\"color:#dd3333\"><\/i> Aide dans les d\u00e9marches administratives pour l\u2019obtention du DS 2019 et du visa J-1<\/li>\n<li><i class=\"sui sui-share\" style=\"color:#dd3333\"><\/i> Aide \u00e0 la constitution de votre dossier Parenthese<\/li>\n<li><i class=\"sui sui-share\" style=\"color:#dd3333\"><\/i> <strong>Les frais visa et assurances obligatoires sont \u00e0 la charge du candidat.<\/strong><\/li>\n<li><i class=\"sui sui-share\" style=\"color:#dd3333\"><\/i> \u00a0Accompagnement personnalis\u00e9 jusqu&rsquo;\u00e0 l&rsquo;obtention du visa.<\/li>\n<li><i class=\"sui sui-share\" style=\"color:#dd3333\"><\/i> suivi du candidat tout au long du stage<\/li>\n<\/ul>\n<\/div>\n<p>&nbsp;<\/p>\n<h1><span style=\"color: #ff0000;\">2\u00a0&#8211;\u00a0Formule stage Simple non r\u00e9mun\u00e9r\u00e9<\/span><\/h1>\n<h3><em>\u00a0 \u00a0 \u00a0 1\u00a0\u00e0 18 mois : 450<\/em><em>\u20ac<\/em><\/h3>\n<div class=\"su-list\" style=\"margin-left:0px\">\n<ul>\n<li><i class=\"sui sui-share\" style=\"color:#dd3333\"><\/i> Traitement de votre inscription dans les 24 heures<\/li>\n<li><i class=\"sui sui-share\" style=\"color:#dd3333\"><\/i> Recherche du stage non r\u00e9mun\u00e9r\u00e9<\/li>\n<li><i class=\"sui sui-share\" style=\"color:#dd3333\"><\/i> Organisation des entretiens skype avec les entreprises<\/li>\n<li><i class=\"sui sui-share\" style=\"color:#dd3333\"><\/i> Interm\u00e9diaire entre l\u2019\u00e9cole et l\u2019employeur pour les stages conventionn\u00e9s<\/li>\n<li><i class=\"sui sui-share\" style=\"color:#dd3333\"><\/i> D\u00e9livrance du Training Proposal de l\u2019employeur am\u00e9ricain<\/li>\n<li><i class=\"sui sui-share\" style=\"color:#dd3333\"><\/i> Aide dans les d\u00e9marches administratives pour l\u2019obtention du DS 2019 et du visa J-1<\/li>\n<li><i class=\"sui sui-share\" style=\"color:#dd3333\"><\/i> Aide \u00e0 la constitution de votre dossier Parenthese<\/li>\n<li><i class=\"sui sui-share\" style=\"color:#dd3333\"><\/i> <strong>Les frais visa et assurances obligatoires sont \u00e0 votre charge.<\/strong><\/li>\n<li><i class=\"sui sui-share\" style=\"color:#dd3333\"><\/i> \u00a0Accompagnement personnalis\u00e9 jusqu&rsquo;\u00e0 l&rsquo;obtention du visa<\/li>\n<li><i class=\"sui sui-share\" style=\"color:#dd3333\"><\/i> suivi du candidat tout au long du stage<\/li>\n<\/ul>\n<\/div>\n<h1><span style=\"color: #ff0000;\">3\u00a0&#8211;\u00a0Formule stage Simple r\u00e9mun\u00e9r\u00e9\u00a0<\/span><\/h1>\n<h3><em>\u00a0 \u00a0 \u00a0 12\u00a0\u00e0 18 mois : 2000\u20ac\u00a0<\/em><\/h3>\n<p><span style=\"color: #ff0000;\"><strong>Stages r\u00e9serv\u00e9s aux jeunes professionnels<\/strong><\/span><\/p>\n<div class=\"su-list\" style=\"margin-left:0px\">\n<ul>\n<li><i class=\"sui sui-share\" style=\"color:#dd3333\"><\/i> Traitement de votre inscription dans les 24 heures<\/li>\n<li><i class=\"sui sui-share\" style=\"color:#dd3333\"><\/i> Recherche du stage avec une r\u00e9mun\u00e9ration minimale selon le profil du candidat<\/li>\n<li><i class=\"sui sui-share\" style=\"color:#dd3333\"><\/i> Organisation des entretiens skype avec les entreprises<\/li>\n<li><i class=\"sui sui-share\" style=\"color:#dd3333\"><\/i> N\u00e9gociation de la r\u00e9mun\u00e9ration avec l&#8217;employeur<\/li>\n<li><i class=\"sui sui-share\" style=\"color:#dd3333\"><\/i> D\u00e9livrance du Training Proposal de l\u2019employeur am\u00e9ricain<\/li>\n<li><i class=\"sui sui-share\" style=\"color:#dd3333\"><\/i> Aide dans les d\u00e9marches administratives pour l\u2019obtention du DS 2019 et du visa J-1<\/li>\n<li><i class=\"sui sui-share\" style=\"color:#dd3333\"><\/i> Aide \u00e0 la constitution de votre dossier Parenthese<\/li>\n<li><i class=\"sui sui-share\" style=\"color:#dd3333\"><\/i> <strong>Les frais visa et assurances obligatoires sont \u00e0 la charge du candidat.<\/strong><\/li>\n<li><i class=\"sui sui-share\" style=\"color:#dd3333\"><\/i> Accompagnement personnalis\u00e9 jusqu&rsquo;\u00e0 l&rsquo;obtention du visa.<\/li>\n<li><i class=\"sui sui-share\" style=\"color:#dd3333\"><\/i> Suivi du candidat tout au long du stage<\/li>\n<\/ul>\n<\/div>\n<p>&nbsp;<\/p>\n<h1 style=\"text-align: justify;\"><span style=\"color: #ff0000;\">4\u00a0&#8211; Formule stage Simple courte dur\u00e9e r\u00e9mun\u00e9r\u00e9\u00a0<\/span><\/h1>\n<h3><em>\u00a0 \u00a0 \u00a0 1\u00a0\u00e0 4 mois : 1000\u20ac\u00a0<\/em><\/h3>\n<div class=\"su-list\" style=\"margin-left:0px\">\n<ul>\n<li><i class=\"sui sui-share\" style=\"color:#dd3333\"><\/i> Traitement de votre inscription dans les 24 heures<\/li>\n<li><i class=\"sui sui-share\" style=\"color:#dd3333\"><\/i> Recherche du stage avec une remuneration de $500 par mois<\/li>\n<li><i class=\"sui sui-share\" style=\"color:#dd3333\"><\/i> Organisation des entretiens skype avec les entreprises<\/li>\n<li><i class=\"sui sui-share\" style=\"color:#dd3333\"><\/i> Interm\u00e9diaire entre l\u2019\u00e9cole et l\u2019employeur pour les stages conventionn\u00e9s<\/li>\n<li><i class=\"sui sui-share\" style=\"color:#dd3333\"><\/i> D\u00e9livrance du Training Proposal de l\u2019employeur am\u00e9ricain<\/li>\n<li><i class=\"sui sui-share\" style=\"color:#dd3333\"><\/i> Aide dans les d\u00e9marches administratives pour l\u2019obtention du DS 2019 et du visa J-1<\/li>\n<li><i class=\"sui sui-share\" style=\"color:#dd3333\"><\/i> Aide \u00e0 la constitution de votre dossier Parenthese<\/li>\n<li><i class=\"sui sui-share\" style=\"color:#dd3333\"><\/i> <strong>Les frais visa et assurances obligatoires sont \u00e0 votre charge.<\/strong><\/li>\n<li><i class=\"sui sui-share\" style=\"color:#dd3333\"><\/i> \u00a0Accompagnement personnalis\u00e9 jusqu&rsquo;\u00e0 l&rsquo;obtention du visa<\/li>\n<li><i class=\"sui sui-share\" style=\"color:#dd3333\"><\/i> suivi du candidat tout au long du stage<\/li>\n<\/ul>\n<\/div>\n<h2 style=\"text-align: justify;\">MODALIT\u00c9S DE PAIEMENT :<\/h2>\n<p>Le montant des frais de placement est payable en plusieurs fois. Un premier acompte couvrant les frais d\u2019inscriptions, est d\u00fb \u00e0 la signature du contrat. Le solde est d\u00fb \u00e0 la validation du stage par les deux parties (candidat et employeur), le solde peut \u00eatre r\u00e9gl\u00e9 en plusieurs fois sans frais il vous suffit d\u2019en faire la demande \u00e0 r\u00e9ception de votre facture.<\/p>\n<\/div><\/div>\n<div class=\"su-column su-column-size-1-3\"><div class=\"su-column-inner su-u-clearfix su-u-trim\"><img decoding=\"async\" loading=\"lazy\" class=\"contour alignnone wp-image-95 size-full\" src=\"http:\/\/adouti.com\/wordpress\/wp-content\/uploads\/2014\/07\/formules.png\" alt=\"formules - Stage aux USA\" width=\"424\" height=\"auto\" srcset=\"https:\/\/adouti.com\/wordpress\/wp-content\/uploads\/2014\/07\/formules.png 424w, https:\/\/adouti.com\/wordpress\/wp-content\/uploads\/2014\/07\/formules-153x300.png 153w, https:\/\/adouti.com\/wordpress\/wp-content\/uploads\/2014\/07\/formules-50x97.png 50w\" sizes=\"(max-width: 424px) 100vw, 424px\" \/><\/div><\/div>\n<\/div>\n","protected":false},"excerpt":{"rendered":"","protected":false},"author":3,"featured_media":0,"parent":0,"menu_order":0,"comment_status":"open","ping_status":"closed","template":"","meta":[],"_links":{"self":[{"href":"https:\/\/adouti.com\/wordpress\/wp-json\/wp\/v2\/pages\/8"}],"collection":[{"href":"https:\/\/adouti.com\/wordpress\/wp-json\/wp\/v2\/pages"}],"about":[{"href":"https:\/\/adouti.com\/wordpress\/wp-json\/wp\/v2\/types\/page"}],"author":[{"embeddable":true,"href":"https:\/\/adouti.com\/wordpress\/wp-json\/wp\/v2\/users\/3"}],"replies":[{"embeddable":true,"href":"https:\/\/adouti.com\/wordpress\/wp-json\/wp\/v2\/comments?post=8"}],"version-history":[{"count":31,"href":"https:\/\/adouti.com\/wordpress\/wp-json\/wp\/v2\/pages\/8\/revisions"}],"predecessor-version":[{"id":1446,"href":"https:\/\/adouti.com\/wordpress\/wp-json\/wp\/v2\/pages\/8\/revisions\/1446"}],"wp:attachment":[{"href":"https:\/\/adouti.com\/wordpress\/wp-json\/wp\/v2\/media?parent=8"}],"curies":[{"name":"wp","href":"https:\/\/api.w.org\/{rel}","templated":true}]}}