{"id":6,"date":"2014-07-11T08:35:20","date_gmt":"2014-07-11T08:35:20","guid":{"rendered":"http:\/\/adouti.com\/wordpress\/?page_id=6"},"modified":"2022-07-16T08:31:53","modified_gmt":"2022-07-16T08:31:53","slug":"presentation","status":"publish","type":"page","link":"https:\/\/adouti.com\/wordpress\/","title":{"rendered":"PRESENTATION"},"content":{"rendered":"<p style=\"text-align: justify;\"><img decoding=\"async\" loading=\"lazy\" class=\"alignleft wp-image-59 size-full\" src=\"http:\/\/adouti.com\/wordpress\/wp-content\/uploads\/2014\/07\/presentation.jpg\" alt=\"presentation - stage aux USA\" width=\"300\" height=\"236\" srcset=\"https:\/\/adouti.com\/wordpress\/wp-content\/uploads\/2014\/07\/presentation.jpg 300w, https:\/\/adouti.com\/wordpress\/wp-content\/uploads\/2014\/07\/presentation-50x39.jpg 50w\" sizes=\"(max-width: 300px) 100vw, 300px\" \/><\/p>\n<p style=\"text-align: justify;\">\u00a0Au bout de 22 ans d\u2019activit\u00e9 <span style=\"color: #ff0000;\"><strong>ADOUT INTERNATIONAL<\/strong><\/span> a su tisser un r\u00e9seau d\u2019environ 9000 entreprises partenaires \u00e0 travers les ETATS UNIS et poss\u00e8de une relation de travail longuement \u00e9tablie aupr\u00e8s des employeurs. Adout International est une agence de placement sp\u00e9cialis\u00e9e uniquement sur les Etats Unis pour tous les \u00e9tudiants et jeunes professionnels, qui d\u00e9sirent effectuer un stage r\u00e9mun\u00e9r\u00e9 en entreprise aux Etats Unis.<\/p>\n<p style=\"text-align: justify;\">Effectuer un stage au sein d\u2019une entreprise am\u00e9ricaine constitue un atout certain et peut s\u2019av\u00e9rer \u00eatre un tremplin pour la future carri\u00e8re d\u2019\u00e9tudiants et de jeunes dipl\u00f4m\u00e9s. Faire appel \u00e0 <span style=\"color: #ff0000;\"><strong>ADOUT INTERNATIONAL<\/strong><\/span>\u00a0 C\u2019est l\u2019assurance de trouver le poste qui vous convient et de partir travailler en toute l\u00e9galit\u00e9 sur le territoire am\u00e9ricain.<\/p>\n<p style=\"text-align: justify;\">\u00a0<span style=\"color: #ff0000;\"><strong>ADOUT INTERNATIONAL<\/strong><\/span>\u00a0est sp\u00e9cialis\u00e9 dans la recherche personnalis\u00e9e de stages et propose des postes dans de nombreux secteurs d\u2019activit\u00e9 \u00e9conomique.<\/p>\n<p style=\"text-align: justify;\"><strong>\u00a0<span style=\"color: #ff0000;\">ADOUT INTERNATIONAL<\/span><\/strong>\u00a0ne fonctionne pas avec des offres trouv\u00e9es sur le web.<\/p>\n<p style=\"text-align: justify;\">En relation directe avec les entreprises, notre mission consiste \u00e0 trouver des stages aux Etats Unis en ad\u00e9quation avec les aspirations professionnelles et personnelles des candidats. Les employeurs d\u00e9finissent les missions en fonction du profil du candidat, la dur\u00e9e du stage et l\u2019arriv\u00e9e du stagiaire sur place ce qui est impossible avec des offres qui circulent sur internet.<\/p>\n<p style=\"text-align: justify;\">D\u00e8s l\u2019inscription, le candidat est pris en charge jusqu\u2019\u00e0 l\u2019obtention du visa et tout au long du stage. Vous aurez toujours une r\u00e9ponse imm\u00e9diate sur l&rsquo;\u00e9tat de votre dossier.<\/p>\n<p style=\"text-align: justify;\">Nous sommes \u00e0 votre \u00e9coute et r\u00e9pondons aux appels et aux emails 7\/7 j.<\/p>\n<p style=\"text-align: justify;\">Disponibilit\u00e9 \/ rapidit\u00e9 \/ efficacit\u00e9 \/ facilit\u00e9 sont nos atouts chez <strong>Adout International.<\/strong><\/p>\n<h2 style=\"text-align: justify;\"><span style=\"color: #dd3333;\">Adout International propose des postes sur l\u2019ensemble du territoire Am\u00e9ricain.<\/span><\/h2>\n","protected":false},"excerpt":{"rendered":"<p>\u00a0Au bout de 22 ans d\u2019activit\u00e9 ADOUT INTERNATIONAL a su tisser un r\u00e9seau d\u2019environ 9000 entreprises partenaires \u00e0 travers les ETATS UNIS et poss\u00e8de une relation de travail longuement \u00e9tablie aupr\u00e8s des employeurs. Adout International est une agence de placement sp\u00e9cialis\u00e9e uniquement sur les Etats Unis pour tous les \u00e9tudiants et jeunes professionnels, qui d\u00e9sirent effectuer un stage r\u00e9mun\u00e9r\u00e9 en entreprise aux Etats Unis. Effectuer un stage au sein d\u2019une entreprise am\u00e9ricaine constitue un atout certain et peut s\u2019av\u00e9rer \u00eatre [&hellip;]<\/p>\n","protected":false},"author":3,"featured_media":0,"parent":0,"menu_order":0,"comment_status":"open","ping_status":"closed","template":"","meta":[],"_links":{"self":[{"href":"https:\/\/adouti.com\/wordpress\/wp-json\/wp\/v2\/pages\/6"}],"collection":[{"href":"https:\/\/adouti.com\/wordpress\/wp-json\/wp\/v2\/pages"}],"about":[{"href":"https:\/\/adouti.com\/wordpress\/wp-json\/wp\/v2\/types\/page"}],"author":[{"embeddable":true,"href":"https:\/\/adouti.com\/wordpress\/wp-json\/wp\/v2\/users\/3"}],"replies":[{"embeddable":true,"href":"https:\/\/adouti.com\/wordpress\/wp-json\/wp\/v2\/comments?post=6"}],"version-history":[{"count":39,"href":"https:\/\/adouti.com\/wordpress\/wp-json\/wp\/v2\/pages\/6\/revisions"}],"predecessor-version":[{"id":2953,"href":"https:\/\/adouti.com\/wordpress\/wp-json\/wp\/v2\/pages\/6\/revisions\/2953"}],"wp:attachment":[{"href":"https:\/\/adouti.com\/wordpress\/wp-json\/wp\/v2\/media?parent=6"}],"curies":[{"name":"wp","href":"https:\/\/api.w.org\/{rel}","templated":true}]}}