{"id":20,"date":"2014-07-11T08:37:16","date_gmt":"2014-07-11T08:37:16","guid":{"rendered":"http:\/\/adouti.com\/wordpress\/?page_id=20"},"modified":"2014-07-22T16:04:43","modified_gmt":"2014-07-22T16:04:43","slug":"temoignages-stages-usa","status":"publish","type":"page","link":"https:\/\/adouti.com\/wordpress\/temoignages-stages-usa\/","title":{"rendered":"T\u00e9moignages"},"content":{"rendered":"<p style=\"text-align: justify;\"><img decoding=\"async\" loading=\"lazy\" class=\"alignnone wp-image-172 size-full\" src=\"http:\/\/adouti.com\/wordpress\/wp-content\/uploads\/2014\/07\/temoignages.png\" alt=\"temoignages - stages aux usa\" width=\"800\" height=\"294\" srcset=\"https:\/\/adouti.com\/wordpress\/wp-content\/uploads\/2014\/07\/temoignages.png 800w, https:\/\/adouti.com\/wordpress\/wp-content\/uploads\/2014\/07\/temoignages-300x110.png 300w, https:\/\/adouti.com\/wordpress\/wp-content\/uploads\/2014\/07\/temoignages-50x18.png 50w\" sizes=\"(max-width: 800px) 100vw, 800px\" \/><\/p>\n<p style=\"text-align: justify;\">je dois dire que je suis ENTIEREMENT satisfait, tout se passe vraiment tr\u00e8s bien, mieux qu&rsquo;a ce que je m&rsquo;attendais, pour l&rsquo;instant je suis dans l&rsquo;appartement de Lawrence, vu qu&rsquo;il ne sera pas dans son appartement pendant presque un moi, donc j&rsquo;ai pu b\u00e9n\u00e9ficier d&rsquo;un moi de loyer \u00ab\u00a0gratuit\u00a0\u00bb, apr\u00e8s cela je prendrais un appartement juste a cote. Au boulot \u00e7a marche tr\u00e8s bien, l&rsquo;accueil est a la hauteur, j&rsquo;ai m\u00eame une augmentation, puisque finalement je toucherais 1250 au lieu de $1000.<\/p>\n<p style=\"text-align: justify;\">Donc je dois dire que j&rsquo;ai vraiment bien fait d\u00a0\u00bbavoir fait appel a vos service et vraiment je ne le regrette pas, et encore une fois je suis ENTIEREMENT satisfait. Merci pour votre travail et votre s\u00e9rieux.<\/p>\n<p style=\"text-align: justify;\">Cordialement,<\/p>\n<p style=\"text-align: right;\"><strong>Lamine <\/strong><\/p>\n<hr \/>\n<p style=\"text-align: justify;\">Juste pour vous dire que tout se passe bien chez \u00ab\u00a0Friends of Independence Park\u00a0\u00bb c&rsquo;est vraiment int\u00e9ressant, ils sont tous tr\u00e8s sympas et on envie de m apprendre leur m\u00e9tier, c&rsquo;est agr\u00e9able!! Voila pour les nouvelles de Phila,<\/p>\n<p style=\"text-align: justify;\">Cordialement,<\/p>\n<p style=\"text-align: right;\"><strong>Vanessa <\/strong><\/p>\n<hr \/>\n<p style=\"text-align: justify;\">Mon stage se passe tr\u00e8s bien, tout le monde est tr\u00e8s gentil. Florence s&rsquo;occupe bien de moi, je me sens bien encadrer. Le sujet est tr\u00e8s int\u00e9ressant, j&rsquo;apprends \u00e9norm\u00e9ment de chose, et il y a beaucoup a apprendre. Le laboratoire est bien \u00e9quipe. Je deviens autonome petit a petit, c&rsquo;est ce que je rechercher.<\/p>\n<p style=\"text-align: justify;\">Je suis vraiment contente de ce stage, l&rsquo;entreprise est tr\u00e8s bien, tr\u00e8s accueillante.<\/p>\n<p style=\"text-align: justify;\">Jeudi je vais a la \u00ab\u00a0holiday party\u00a0\u00bb de l&rsquo;entreprise, j&rsquo;ai d\u00e9j\u00e0 rencontrer le pr\u00e9sident, je vais s\u00fbrement rencontrer les autres personnes. Cambridge et Boston me plaisent beaucoup aussi, pour l&rsquo;instant il n&rsquo;y a pas de neige, il ne fait pas encore trop froid. Je garde contact pour vous vous tenir au courant de l&rsquo;\u00e9volution du stage.<\/p>\n<p style=\"text-align: justify;\">Merci<\/p>\n<p style=\"text-align: right;\"><strong>Magali <\/strong><\/p>\n<hr \/>\n<p style=\"text-align: justify;\">Bonjour,<\/p>\n<p style=\"text-align: justify;\">Vous \u00eates vraiment efficace, mes f\u00e9licitations ;<\/p>\n<p style=\"text-align: justify;\">Merci, et encore bravo<\/p>\n<p style=\"text-align: right;\"><strong>Olivier <\/strong><\/p>\n<hr \/>\n<p style=\"text-align: justify;\">Bonjour, Je souhaiterai vous remercier ; mon stage au USA \u00e9tait une bonne exp\u00e9rience vraiment tr\u00e8s enrichissante.<\/p>\n<p style=\"text-align: justify;\">L\u00e0 je suis de retour \u00e0 Paris et j&rsquo;ai repris les cours.<\/p>\n<p style=\"text-align: justify;\">Cordialement<\/p>\n<p style=\"text-align: right;\"><strong>Marie Aim\u00e9e CAMARA <\/strong><\/p>\n<hr \/>\n<p style=\"text-align: justify;\">Bonjour,<\/p>\n<p style=\"text-align: justify;\">Je suis actuellement en stage a Boston gr\u00e2ce a vous. Mon stage se passe merveilleusement bien. J&rsquo;ai \u00e9t\u00e9 impressionne par le s\u00e9rieux et l&rsquo;efficacit\u00e9 de votre agence.<\/p>\n<p style=\"text-align: justify;\">Merci encore.<\/p>\n<p style=\"text-align: right;\"><strong>Valentine<\/strong><\/p>\n<hr \/>\n<p style=\"text-align: justify;\">Bonjour,<\/p>\n<p style=\"text-align: justify;\">juste un petit message pour dire que je suis bien arrive a Santa Barbara. Pour l instant je fais mes papiers et j essaye de m adapter au d\u00e9calage horaire Il y a vraiment de quoi surfer, \u00e7a promet d&rsquo;\u00eatre g\u00e9nial<\/p>\n<p style=\"text-align: justify;\">A tr\u00e8s bient\u00f4t<\/p>\n<p style=\"text-align: right;\"><strong>Maxime Lemoine <\/strong><\/p>\n<hr \/>\n<p style=\"text-align: justify;\">Alors, je suis bien arriv\u00e9 \u00e0 Pacific Grove en Californie. C&rsquo;est une dr\u00f4le de ville, les feux tricolores sont interdits, il n&rsquo;y a pas de boites aux lettres, les habitants doivent se d\u00e9placer tous les jours \u00e0 la poste, une loi interdit de couper les arbres du coup il y en a partout m\u00eame sur les trottoirs, sa ressemble tellement \u00e0 une foret que des cerfs, des daims, des biches, des sangliers circulent en toute libert\u00e9 dans la ville et ne sont absolument pas farouches. L&rsquo;autre jour, devant la porte d&rsquo;entr\u00e9e, deux faons dormaient tranquillement sur le paillasson.<\/p>\n<p style=\"text-align: justify;\">C&rsquo;est vraiment une dr\u00f4le de ville avec tout plein de lois d\u00e9biles. Il y en a m\u00eame une qui interdit de manger des glaces alors qu&rsquo;il peut faire extr\u00eamement chaud ?! En fait, c&rsquo;est une ville pour gens tr\u00e8s tr\u00e8s tr\u00e8s riches. Les maisons co\u00fbtent en moyenne 10 millions de dollars (vous avez bien lus). Tout le monde roule en Porsche Ferrari ou alors d&rsquo;\u00e9norme 4&#215;4 de 3 m\u00e8tres de haut et 8 m\u00e8tres de long. C&rsquo;est tr\u00e8s int\u00e9ressant de lire les magazines immobiliers du coin, les prix donnent le vertige. \u00c9videmment, il n&rsquo;y a que des stars. Brad Pitt a une maison \u00e0 2 rues de l\u00e0 o\u00f9 je suis. Clint Eastwood en a \u00e9t\u00e9 le maire. J&rsquo;ai surfer hier devant la maison de Madonna. Bref, c&rsquo;est St Tropez. En parlant de surf, il n&rsquo;y a pas de doutes, ici, c&rsquo;est le royaume des riders. Je suis aller voir la vague mondialement connu BIG SUR. Une incroyable vague cr\u00e9\u00e9 par une faille de 4 kilom\u00e8tres de profondeur.<\/p>\n<p style=\"text-align: justify;\">Il y a une cascade de 15 m\u00e8tres de haut qui tombe sur la plage ou les p\u00e9licans et les phoques se pr\u00e9lassent. Ce jour l\u00e0, la vague \u00e9tait ridicule, seulement 3 ou 4 m\u00e8tres (voir la photo). La plus part des surfeurs ont un casque pour se prot\u00e9ger des rochers. \u00c9videmment, je n&rsquo;ai pas surfer cette vague (j&rsquo;aime trop la vie) mais je suis all\u00e9 sur une plage o\u00f9 il y avait de jolies creux de 2 m\u00e8tres. Pour la premi\u00e8re fois de ma vie, j&rsquo;ai pris un tube !!! Je dois pr\u00e9ciser que les vagues de Quiberon ne creusent pas et qu&rsquo;il faut avoir la circonf\u00e9rence d&rsquo;une saucisse Knacki pour prendre un tube. J&rsquo;ai m\u00eame pris une vague avec une otarie !!! C&rsquo;est vraiment trop mignon comme b\u00eate, on dirait une peluche. Bref, prendre des tubes avec des otaries sur les plages priv\u00e9es des stars avec d&rsquo;immenses chutes d&rsquo;eau qui tombent sur la plage : voila mon quotidien pour l&rsquo;instant.<\/p>\n<p style=\"text-align: right;\"><strong>Jean-Pascal RUDELLE <\/strong><\/p>\n<hr \/>\n<p style=\"text-align: justify;\">Bonjour,<\/p>\n<p style=\"text-align: justify;\">Je suis arriv\u00e9 au US vendredi et j\u2019ai commenc\u00e9 le stage aujourd\u2019hui. Ca se passe a merveilles, ces gens sont vraiment tr\u00e8s sympas et tr\u00e8s carres.<\/p>\n<p style=\"text-align: right;\"><strong>Mohamed Belfqih<\/strong><\/p>\n<hr \/>\n<p style=\"text-align: justify;\">Bonjour,<\/p>\n<p style=\"text-align: justify;\">Je m&rsquo;excuse de ne pas vous avoir donner de nouvelles plut\u00f4t du stage. Je suis donc arrive sans probl\u00e8mes jeudi dernier a Houston. Bil et Jo sont des gens tr\u00e8s sympathiques et agr\u00e9ables a vivre., le cadre donne de bonnes conditions de travail et de plus bil a mis a ma disposition un nouvel ordinateur et un nouveau bureau. Le travail que je fais pour l&rsquo;instant est int\u00e9ressant, la semaine prochaine je pense commencer un projet plus vaste avec l&rsquo;US air force que l&rsquo;arm\u00e9e a confie a Bil.<\/p>\n<p style=\"text-align: justify;\">Cordialement,<\/p>\n<p style=\"text-align: right;\"><strong>Adrien Girard<\/strong><\/p>\n<hr \/>\n<p style=\"text-align: justify;\">Bonjour,<\/p>\n<p style=\"text-align: justify;\">Je me trouve en Californie depuis 6 mois maintenant, le stage que j&rsquo;effectue se passe tr\u00e8s bien, d&rsquo;ailleurs le directeur envisage de prolonger mon contrat a la suite du stage qui devrait se terminer fin Juin.<\/p>\n<p style=\"text-align: justify;\">Encore merci.<\/p>\n<p style=\"text-align: right;\"><em><strong>Cedric BAZOGE <\/strong><\/em><\/p>\n<hr \/>\n<p style=\"text-align: justify;\">Bonjour, Je suis arriv\u00e9 \u00e0 San Antonio mardi dernier, j\u2019ai pass\u00e9 la semaine derni\u00e8re \u00e0 m\u2019installer, \u00e0 accomplir les derni\u00e8res formalit\u00e9s administratives,\u2026 et j\u2019ai commenc\u00e9 \u00e0 travailler ce matin, l\u2019ambiance est super, je pense que tout va bien se passer !<\/p>\n<p style=\"text-align: justify;\">Bonne journ\u00e9e,<\/p>\n<p style=\"text-align: right;\"><strong>St\u00e9phane Adjou <\/strong><\/p>\n<hr \/>\n<p style=\"text-align: justify;\">Bonjour Mon stage est fini. La mission qui ma \u00e9t\u00e9 confi\u00e9e \u00e9tait tr\u00e8s int\u00e9ressante et tr\u00e8s enrichissante. Par ailleurs, mon s\u00e9jour en dehors du travail \u00e9tait tr\u00e8s agr\u00e9able.<\/p>\n<p style=\"text-align: justify;\">Merci beaucoup.<\/p>\n<p style=\"text-align: right;\"><strong>Samuel FROMENTIN <\/strong><\/p>\n<hr \/>\n<p style=\"text-align: justify;\">Bonjour D\u00e9sol\u00e9 pour le retard, le temps de m&rsquo;installer et d&rsquo;avoir une connexion internet. J&rsquo;ai bien commenc\u00e9 le stage la semaine derni\u00e8re et j&rsquo;ai r\u00e9ussi \u00e0 m&rsquo;installer sans difficult\u00e9 . pour l&rsquo;instant tous se passe bien et ils sont vraiment tr\u00e8s sympas dans l&rsquo;entreprise notamment sean et Gayle c&rsquo;est gr\u00e2ce \u00e0 eux que je me suis installer sans soucis .<\/p>\n<p style=\"text-align: right;\"><strong>Davie Menie <\/strong><\/p>\n<hr \/>\n<p style=\"text-align: justify;\">Bonjour, La famille a l&rsquo;air sympa. Ils ont la soixantaine. la je suis seul chez eux pour la matin\u00e9e. j ai une grande chambre (king size bed) avec une salle de bain priv\u00e9e. il fait tr\u00e8s chaud mais la maison est climatis\u00e9e. rye est une petite ville tr\u00e8s bourgeoise. les maisons y sont incroyablement grandes et les bentley et autres Ferrari sont monnaie courante. demain j ai rdv avec merrill lynch pour les badges magn\u00e9tiques, etc. et je dois aller a la police financi\u00e8re pour d\u00e9poser mes empruntes. pour l&rsquo;instant, tout se passe bien. cdt,<\/p>\n<hr \/>\n<p style=\"text-align: justify;\">Bonjour,<\/p>\n<p style=\"text-align: justify;\">Nancy est une des plus grosses t\u00eates ici (vice pr\u00e9sidente des investissements) et c&rsquo;est elle qui pilote l&rsquo;\u00e9quipe dans laquelle je travaille, ce qui est une chance car ici c&rsquo;est elle qui fait la pluie et le beau temps sur l&rsquo;ensemble des \u00e9quipes de l&rsquo;\u00e9tage (environ 80 personnes) mais je suis dans la seule \u00e9quipe qu&rsquo;elle dirige en personne. elle sort de wharton et le reste de mon equipe sort de princeton. nous sommes donc 5 et nous g\u00e9rons a nous seuls pr\u00e8s d&rsquo;un demi milliard de dollars d&rsquo;actifs. lundi, je commence une formation de 2 semaines (financial planning). si tout se passe bien, il peut y avoir recrutement a la fin de mon stage. a moi de m&rsquo;accrocher. vendredi \u00e9tait ma premi\u00e8re journ\u00e9e. c&rsquo;est hallucinant ici: tout le monde court, crie, t\u00e9l\u00e9phone, etc. on se croirait dans un film&#8230;<\/p>\n<hr \/>\n<p style=\"text-align: justify;\">Bonjour, Un petit mail pour vous dire que je suis bien arriv\u00e9 en Californie et que tout va bien: le boulot est int\u00e9ressant et l\u2019\u00e9quipe est vraiment tr\u00e8s sympa. La r\u00e9gion est de plus magnifique.<\/p>\n<p style=\"text-align: justify;\">Voil\u00e0 voil\u00e0<\/p>\n<p style=\"text-align: right;\"><strong>Thomas <\/strong><\/p>\n<hr \/>\n<p style=\"text-align: justify;\">Bonjour Je vous informe que j&rsquo;ai bien re\u00e7u mon visa et mon billet d&rsquo;avion. Je prends l&rsquo;avion ce samedi 23 juin, et arriverai ce m\u00eame jour \u00e0 Burbank. Mon employeur est d\u00e9j\u00e0 pr\u00e9venu de mon arriv\u00e9e et j&rsquo;ai \u00e9galement un logement sur place. Je pourrai donc commencer mon stage \u00e0 temps, c&rsquo;est \u00e0 dire le 2 juillet, voire un peu avant. Je vous remercie tr\u00e8s sinc\u00e8rement, ainsi que toute l&rsquo;organisation d&rsquo;Adout International, pour m&rsquo;avoir permis d&rsquo;effectuer un stage aux USA.<\/p>\n<p style=\"text-align: justify;\">Cordialement,<\/p>\n<p style=\"text-align: right;\"><strong>Jany Madiomanana<\/strong><\/p>\n","protected":false},"excerpt":{"rendered":"<p>je dois dire que je suis ENTIEREMENT satisfait, tout se passe vraiment tr\u00e8s bien, mieux qu&rsquo;a ce que je m&rsquo;attendais, pour l&rsquo;instant je suis dans l&rsquo;appartement de Lawrence, vu qu&rsquo;il ne sera pas dans son appartement pendant presque un moi, donc j&rsquo;ai pu b\u00e9n\u00e9ficier d&rsquo;un moi de loyer \u00ab\u00a0gratuit\u00a0\u00bb, apr\u00e8s cela je prendrais un appartement juste a cote. Au boulot \u00e7a marche tr\u00e8s bien, l&rsquo;accueil est a la hauteur, j&rsquo;ai m\u00eame une augmentation, puisque finalement je toucherais 1250 au lieu [&hellip;]<\/p>\n","protected":false},"author":3,"featured_media":0,"parent":0,"menu_order":0,"comment_status":"open","ping_status":"closed","template":"","meta":[],"_links":{"self":[{"href":"https:\/\/adouti.com\/wordpress\/wp-json\/wp\/v2\/pages\/20"}],"collection":[{"href":"https:\/\/adouti.com\/wordpress\/wp-json\/wp\/v2\/pages"}],"about":[{"href":"https:\/\/adouti.com\/wordpress\/wp-json\/wp\/v2\/types\/page"}],"author":[{"embeddable":true,"href":"https:\/\/adouti.com\/wordpress\/wp-json\/wp\/v2\/users\/3"}],"replies":[{"embeddable":true,"href":"https:\/\/adouti.com\/wordpress\/wp-json\/wp\/v2\/comments?post=20"}],"version-history":[{"count":9,"href":"https:\/\/adouti.com\/wordpress\/wp-json\/wp\/v2\/pages\/20\/revisions"}],"predecessor-version":[{"id":305,"href":"https:\/\/adouti.com\/wordpress\/wp-json\/wp\/v2\/pages\/20\/revisions\/305"}],"wp:attachment":[{"href":"https:\/\/adouti.com\/wordpress\/wp-json\/wp\/v2\/media?parent=20"}],"curies":[{"name":"wp","href":"https:\/\/api.w.org\/{rel}","templated":true}]}}