{"id":18,"date":"2014-07-11T08:36:58","date_gmt":"2014-07-11T08:36:58","guid":{"rendered":"http:\/\/adouti.com\/wordpress\/?page_id=18"},"modified":"2014-07-22T14:58:40","modified_gmt":"2014-07-22T14:58:40","slug":"equivalences-stage-usa","status":"publish","type":"page","link":"https:\/\/adouti.com\/wordpress\/equivalences-stage-usa\/","title":{"rendered":"EQUIVALENCES"},"content":{"rendered":"<div class=\"su-row\">\n<div class=\"su-column su-column-size-2-3\"><div class=\"su-column-inner su-u-clearfix su-u-trim\">\n<h3><strong>Dipl\u00f4me Fran\u00e7ais \/<span style=\"color: #ff0000;\">Dipl\u00f4me am\u00e9ricains<\/span><\/strong><\/h3>\n<p><strong>Baccalaur\u00e9at \/ <span style=\"color: #ff0000;\">High School Diploma <\/span><\/strong><\/p>\n<p>Un High school diploma est un dipl\u00f4me \u00e9quivalent \u00e0 un BACC<\/p>\n<p>&nbsp;<\/p>\n<p><strong>DEUG \/ DUT \/ DU (1er cycle ) \/ <span style=\"color: #ff0000;\">Associate\u2019s Degree <\/span><\/strong><\/p>\n<p style=\"text-align: justify;\">Un Associate Degree sanctionne deux ann\u00e9es d&rsquo;\u00e9tudes universitaires \u00e0 plein temps. Ce dipl\u00f4me est \u00e9quivalent \u00e0 un DEUG ou pour les fili\u00e8res plus techniques, un BTS ou DUT. Ce dipl\u00f4me se divise en deux branches, la branche acad\u00e9mique Associate of Arts &amp; Sciences (AAS) et la branche professionnelle Associate of Technical Arts (ATA). Vous pouvez int\u00e9grer ce programme avec un niveau Bac au minimum.<\/p>\n<p>&nbsp;<\/p>\n<p><strong>Licence ( 2eme cycle ) \/ <span style=\"color: #ff0000;\">Bachelor \u2018s Degree <\/span><\/strong><\/p>\n<p style=\"text-align: justify;\">Un Bachelor Degree, sanctionnant quatre ann\u00e9es d&rsquo;\u00e9tudes universitaires \u00e0 plein temps. Ce dipl\u00f4me est \u00e9quivalent a une licence. On distingue deux types de Bachelor selon les disciplines : Bachelor of Art pour les sciences humaines et les disciplines artistiques, et Bachelor of Science pour les autres. En principe, un Bachelor Degree offre la possibilit\u00e9 soit de poursuivre des \u00e9tudes plus sp\u00e9cialis\u00e9es menant vers des m\u00e9tiers de cadre sup\u00e9rieur, soit d&rsquo;int\u00e9grer directement la vie professionnelle. L\u2019\u00e9tudiant doit se sp\u00e9cialiser dans une discipline sp\u00e9cifique (comptabilit\u00e9, math\u00e9matiques, sciences, etc..). Cette discipline sp\u00e9cifique est appel\u00e9e \u00ab\u00a0major\u00a0\u00bb.<\/p>\n<p>&nbsp;<\/p>\n<p><strong>DEA \/ DESS ( 3eme cycle ) \/ <span style=\"color: #ff0000;\">Master\u2019s Degree <\/span><\/strong><\/p>\n<p style=\"text-align: justify;\">Un Master Degree sanctionne deux ann\u00e9es d\u2019\u00e9tudes universitaires a plein temps effectu\u00e9es \u00e0 la suite d\u2019un Bachelor Degree (Bachelor + 2 ans). Ce dipl\u00f4me est \u00e9quivalent \u00e0 une Ma\u00eetrise. Il peut \u00e9ventuellement \u00eatre qualifi\u00e9 selon la discipline (Master in Arts, Master in Sciences, Master in Education, etc.) Il s\u2019agit g\u00e9n\u00e9ralement d\u2019un dipl\u00f4me pr\u00e9par\u00e9 sur deux ans qui sp\u00e9cialise dans un domaine sp\u00e9cifique du monde professionnel. Les \u00e9tudiants admis \u00e0 un programme pr\u00e9parant au Master&rsquo;s ont tr\u00e8s souvent leur Bachelor&rsquo;s Degree dans un domaine de sp\u00e9cialit\u00e9 similaire.<\/p>\n<p>&nbsp;<\/p>\n<p><strong>Doctorat \/<span style=\"color: #ff0000;\"> Ph.D<\/span><\/strong><\/p>\n<p style=\"text-align: justify;\">Un PhD (Doctorate of Philosophy) sanctionne deux \u00e0 trois ann\u00e9es d&rsquo;\u00e9tudes universitaires \u00e0 plein temps, effectu\u00e9es \u00e0 la suite d\u2019un Master Degree (Master + 2 \u00e0 3 ans). Ce dipl\u00f4me est \u00e9quivalent \u00e0 un Doctorat. Le PhD requiert la soumission d\u2019une th\u00e8se, qui est un rapport de recherches tr\u00e8s approfondi qui doit \u00eatre absolument r\u00e9alis\u00e9 avant d\u2019obtenir le dipl\u00f4me<\/p>\n<p><span style=\"color: #ff0000;\"><strong>Important :<\/strong><\/span> Il n\u2019existe pas d\u2019\u00e9quivalence officielle entre les dipl\u00f4mes Fran\u00e7ais et am\u00e9ricains ; ainsi, chaque universit\u00e9 et \u00e9cole d\u00e9cide de l\u2019\u00e9quivalence \u00e0 accorder. <\/div><\/div>\n<div class=\"su-column su-column-size-1-3\"><div class=\"su-column-inner su-u-clearfix su-u-trim\"> <img decoding=\"async\" loading=\"lazy\" class=\"alignnone wp-image-165 size-full\" src=\"http:\/\/adouti.com\/wordpress\/wp-content\/uploads\/2014\/07\/equivalence.jpg\" alt=\"equivalence - Stage aux USA\" width=\"423\" height=\"748\" srcset=\"https:\/\/adouti.com\/wordpress\/wp-content\/uploads\/2014\/07\/equivalence.jpg 423w, https:\/\/adouti.com\/wordpress\/wp-content\/uploads\/2014\/07\/equivalence-169x300.jpg 169w, https:\/\/adouti.com\/wordpress\/wp-content\/uploads\/2014\/07\/equivalence-50x88.jpg 50w\" sizes=\"(max-width: 423px) 100vw, 423px\" \/>\u00a0<\/div><\/div>\n<\/div>\n","protected":false},"excerpt":{"rendered":"","protected":false},"author":3,"featured_media":0,"parent":0,"menu_order":0,"comment_status":"open","ping_status":"closed","template":"","meta":[],"_links":{"self":[{"href":"https:\/\/adouti.com\/wordpress\/wp-json\/wp\/v2\/pages\/18"}],"collection":[{"href":"https:\/\/adouti.com\/wordpress\/wp-json\/wp\/v2\/pages"}],"about":[{"href":"https:\/\/adouti.com\/wordpress\/wp-json\/wp\/v2\/types\/page"}],"author":[{"embeddable":true,"href":"https:\/\/adouti.com\/wordpress\/wp-json\/wp\/v2\/users\/3"}],"replies":[{"embeddable":true,"href":"https:\/\/adouti.com\/wordpress\/wp-json\/wp\/v2\/comments?post=18"}],"version-history":[{"count":8,"href":"https:\/\/adouti.com\/wordpress\/wp-json\/wp\/v2\/pages\/18\/revisions"}],"predecessor-version":[{"id":289,"href":"https:\/\/adouti.com\/wordpress\/wp-json\/wp\/v2\/pages\/18\/revisions\/289"}],"wp:attachment":[{"href":"https:\/\/adouti.com\/wordpress\/wp-json\/wp\/v2\/media?parent=18"}],"curies":[{"name":"wp","href":"https:\/\/api.w.org\/{rel}","templated":true}]}}