{"id":16,"date":"2014-07-11T08:36:43","date_gmt":"2014-07-11T08:36:43","guid":{"rendered":"http:\/\/adouti.com\/wordpress\/?page_id=16"},"modified":"2014-07-22T14:58:05","modified_gmt":"2014-07-22T14:58:05","slug":"americaniser-son-cv-stage-usa","status":"publish","type":"page","link":"https:\/\/adouti.com\/wordpress\/americaniser-son-cv-stage-usa\/","title":{"rendered":"AMERICANISER SON CV"},"content":{"rendered":"<h2 style=\"text-align: justify;\">Conseils d\u2019ordre g\u00e9n\u00e9ral :<\/h2>\n<p style=\"text-align: justify;\">Pour \u00eatre efficace et repr\u00e9sentatif, un CV doit \u00eatre :<\/p>\n<div class=\"su-list\" style=\"margin-left:0px\">\n<ul>\n<ul>\n<li><i class=\"sui sui-share\" style=\"color:#dd3333\"><\/i> court : une a deux pages maximum<\/li>\n<li><i class=\"sui sui-share\" style=\"color:#dd3333\"><\/i> direct : faites appara\u00eetre clairement ce que vous proposez a l&rsquo;entreprise et n\u2019h\u00e9sitez pas a pr\u00e9senter votre motivation professionnelle par une phrase en guise \u00ab\u00a0d\u2019accroche\u00a0\u00bb<\/li>\n<li><i class=\"sui sui-share\" style=\"color:#dd3333\"><\/i> lisible : la pr\u00e9sentation doit \u00eatre claire<\/li>\n<li><i class=\"sui sui-share\" style=\"color:#dd3333\"><\/i> pr\u00e9sente dans l&rsquo;ordre chronologique inverse : commencez par les dates les plus r\u00e9centes pour finir par les dates les plus anciennes (donc par ordre d\u00e9croissant), ceci \u00e9tant valable pour les rubriques exp\u00e9rience professionnelle et formation<\/li>\n<li><i class=\"sui sui-share\" style=\"color:#dd3333\"><\/i> \u00eatre explicite : faites figurer en caract\u00e8res gras, soulignes et\/ou encadres les fonctions exerc\u00e9es, les dipl\u00f4mes obtenus\u2026<\/li>\n<li><i class=\"sui sui-share\" style=\"color:#dd3333\"><\/i> un document qui vous met en valeur : changez l&rsquo;ordre des rubriques pour le rendre plus attractif et plus professionnel<\/li>\n<\/ul>\n<\/ul>\n<\/div>\n<h2 style=\"text-align: justify;\">LE HAUT DU CV : L\u2019ETAT CIVIL<\/h2>\n<div class=\"su-list\" style=\"margin-left:0px\">\n<ul>\n<li><i class=\"sui sui-share\" style=\"color:#dd3333\"><\/i> \u00a0Nom (last name) et pr\u00e9nom (first name) \u2022 Adresse aux USA ou\/et en France (address)<\/li>\n<li><i class=\"sui sui-share\" style=\"color:#dd3333\"><\/i> T\u00e9l\u00e9phone personnel (home phone number), professionnel (office phone number), beeper et cellulaire<\/li>\n<li><i class=\"sui sui-share\" style=\"color:#dd3333\"><\/i> Numero de fax (fax number)<\/li>\n<li><i class=\"sui sui-share\" style=\"color:#dd3333\"><\/i> Email<\/li>\n<li><i class=\"sui sui-share\" style=\"color:#dd3333\"><\/i> La nationalit\u00e9 est mentionn\u00e9e ainsi que le titre de r\u00e9sidence si la personne d\u00e9tient la double nationalit\u00e9 ou la carte verte<\/li>\n<\/ul>\n<\/div>\n<p style=\"text-align: justify;\"><strong><span style=\"color: #ff0000;\">Attention : Pas de photographie. Pas de mention relative au sexe, a la situation de famille, a l&rsquo;age (donc pas de date de naissance)<\/span><\/strong><\/p>\n<h2 style=\"text-align: justify;\">LE PROJET PROFESSIONNEL : \u00ab\u00a0CAREER OBJECTIVE\u00a0\u00bb<\/h2>\n<p style=\"text-align: justify;\">Cette rubrique est destin\u00e9e a d\u00e9velopper ce que l&rsquo;on propose a l&rsquo;entreprise en soulignant :<\/p>\n<p style=\"text-align: justify; padding-left: 30px;\">1) les comp\u00e9tences que l&rsquo;on peut apporter a cette entreprise<\/p>\n<p style=\"text-align: justify; padding-left: 30px;\">2) l\u2019objectif professionnel fixe En d\u2019autres termes, le \u00ab\u00a0career objective\u00a0\u00bb correspond a ce que l&rsquo;on propose a l&rsquo;entreprise en termes de comp\u00e9tences en soulignant ses qualit\u00e9s et en d\u00e9finissant son profil.<\/p>\n<h2 style=\"text-align: justify;\">L&rsquo;EXPERIENCE PROFESSIONNELLE : \u00ab\u00a0WORK EXPERIENCE\u00a0\u00bb<\/h2>\n<p style=\"text-align: justify;\">Il est important de mentionner :<\/p>\n<div class=\"su-list\" style=\"margin-left:0px\">\n<ul>\n<li><i class=\"sui sui-share\" style=\"color:#dd3333\"><\/i> les dates : mois et ann\u00e9es, pas de jour<\/li>\n<li><i class=\"sui sui-share\" style=\"color:#dd3333\"><\/i> le nom de la soci\u00e9t\u00e9 et son secteur d&rsquo;activit\u00e9<\/li>\n<li><i class=\"sui sui-share\" style=\"color:#dd3333\"><\/i> le lieu : ne pas indiquer l&rsquo;adresse enti\u00e8re mais seulement la ville et le pays<\/li>\n<li><i class=\"sui sui-share\" style=\"color:#dd3333\"><\/i> la fonction, les missions et taches accomplies<\/li>\n<\/ul>\n<\/div>\n<p>N\u2019h\u00e9sitez pas a employer des verbes d&rsquo;action pour d\u00e9crire ce qui a \u00e9t\u00e9 r\u00e9alis\u00e9, effectue, gagne ou \u00e9conomise et a citer des chiffres, des exemples, pour \u00eatre concret et mettre en valeur les b\u00e9n\u00e9fices de son action. Ne pas oublier de mentionner les stages qui sont une part de votre exp\u00e9rience professionnelle.<\/p>\n<h2 style=\"text-align: justify;\"><\/h2>\n<h2 style=\"text-align: justify;\">LA FORMATION : \u00ab\u00a0EDUCATION\u00a0\u00bb<\/h2>\n<p style=\"text-align: justify;\">Indiquer dans cette rubrique :<\/p>\n<div class=\"su-list\" style=\"margin-left:0px\">\n<ul>\n<li><i class=\"sui sui-share\" style=\"color:#dd3333\"><\/i> le nom de l&rsquo;\u00e9tablissement, \u00e9cole ou universit\u00e9 \u2022 le lieu c\u2019est a dire la ville ou le pays<\/li>\n<li><i class=\"sui sui-share\" style=\"color:#dd3333\"><\/i> les dipl\u00f4mes obtenus, les enseignements suivis, en donnant leur \u00e9quivalence dans le syst\u00e8me am\u00e9ricain<\/li>\n<li><i class=\"sui sui-share\" style=\"color:#dd3333\"><\/i> le niveau et le contenu de chaque dipl\u00f4me, sachant que chaque Etat, voire chaque universit\u00e9, a son propre syst\u00e8me (par exemple: granted two years after High School Diploma pour un BTS)<\/li>\n<\/ul>\n<\/div>\n<p style=\"text-align: justify;\"><span style=\"color: #ff0000;\"><strong><em>Astuce ADOUT, traducteur <a href=\"http:\/\/babelfish.altavista.com\/\" target=\"_blank\">http:\/\/babelfish.altavista.com\/<\/a><\/em><\/strong><\/span><\/p>\n","protected":false},"excerpt":{"rendered":"<p>Conseils d\u2019ordre g\u00e9n\u00e9ral : Pour \u00eatre efficace et repr\u00e9sentatif, un CV doit \u00eatre : LE HAUT DU CV : L\u2019ETAT CIVIL Attention : Pas de photographie. Pas de mention relative au sexe, a la situation de famille, a l&rsquo;age (donc pas de date de naissance) LE PROJET PROFESSIONNEL : \u00ab\u00a0CAREER OBJECTIVE\u00a0\u00bb Cette rubrique est destin\u00e9e a d\u00e9velopper ce que l&rsquo;on propose a l&rsquo;entreprise en soulignant : 1) les comp\u00e9tences que l&rsquo;on peut apporter a cette entreprise 2) l\u2019objectif professionnel fixe [&hellip;]<\/p>\n","protected":false},"author":3,"featured_media":0,"parent":0,"menu_order":0,"comment_status":"open","ping_status":"closed","template":"","meta":[],"_links":{"self":[{"href":"https:\/\/adouti.com\/wordpress\/wp-json\/wp\/v2\/pages\/16"}],"collection":[{"href":"https:\/\/adouti.com\/wordpress\/wp-json\/wp\/v2\/pages"}],"about":[{"href":"https:\/\/adouti.com\/wordpress\/wp-json\/wp\/v2\/types\/page"}],"author":[{"embeddable":true,"href":"https:\/\/adouti.com\/wordpress\/wp-json\/wp\/v2\/users\/3"}],"replies":[{"embeddable":true,"href":"https:\/\/adouti.com\/wordpress\/wp-json\/wp\/v2\/comments?post=16"}],"version-history":[{"count":7,"href":"https:\/\/adouti.com\/wordpress\/wp-json\/wp\/v2\/pages\/16\/revisions"}],"predecessor-version":[{"id":285,"href":"https:\/\/adouti.com\/wordpress\/wp-json\/wp\/v2\/pages\/16\/revisions\/285"}],"wp:attachment":[{"href":"https:\/\/adouti.com\/wordpress\/wp-json\/wp\/v2\/media?parent=16"}],"curies":[{"name":"wp","href":"https:\/\/api.w.org\/{rel}","templated":true}]}}